{"id":10,"date":"2018-10-08T11:57:40","date_gmt":"2018-10-08T09:57:40","guid":{"rendered":"http:\/\/musiqueautemple.fr\/?page_id=10"},"modified":"2025-06-21T14:31:39","modified_gmt":"2025-06-21T12:31:39","slug":"le-temple","status":"publish","type":"page","link":"https:\/\/musiqueautemple.fr\/?page_id=10","title":{"rendered":"Le Temple"},"content":{"rendered":"<p style=\"text-align: justify;\">L\u2019\u00e9difice, situ\u00e9 32 rue la Pr\u00e9fecture, au c\u0153ur de la ville, appartient \u00e0 l\u2019Eglise Protestante Protestante Unie de Touraine.<\/p>\n<p style=\"text-align: justify;\"><span style=\"color: #ff6600;\"><strong>L\u2019histoire du b\u00e2timent est peu commune :<\/strong><\/span><\/p>\n<p style=\"text-align: left;\">Il a \u00e9t\u00e9 construit \u00e0 la fin du XVIIe si\u00e8cle. C\u2019\u00e9tait la chapelle d\u2019une congr\u00e9gation <img loading=\"lazy\" decoding=\"async\" class=\"size-full wp-image-180 alignright\" src=\"https:\/\/musiqueautemple.fr\/wp-content\/uploads\/2018\/11\/capture-2.jpg\" alt=\"\" width=\"385\" height=\"286\" srcset=\"https:\/\/musiqueautemple.fr\/wp-content\/uploads\/2018\/11\/capture-2.jpg 385w, https:\/\/musiqueautemple.fr\/wp-content\/uploads\/2018\/11\/capture-2-300x223.jpg 300w\" sizes=\"auto, (max-width: 385px) 100vw, 385px\" \/>religieuse f\u00e9minine, les Filles de l\u2019Union Chr\u00e9tienne, fond\u00e9e en 1676 par l\u2019un des chanoines du Chapitre de Tours, l\u2019abb\u00e9 Joseph Sain (1630-1708), qui devint \u00e9v\u00eaque, et qui est enseveli dans l\u2019\u00e9difice. Cette communaut\u00e9 comprenait une vingtaine de religieuses : les Dames de l\u2019Union Chr\u00e9tienne ne recevaient que des veuves, et des demoiselles de la Religion Pr\u00e9tendue R\u00e9form\u00e9e nouvellement converties, \u00ab pour tirer les femmes de l\u2019h\u00e9r\u00e9sie de la secte calvinienne \u00bb. Cette congr\u00e9gation fut tr\u00e8s active au lendemain de la r\u00e9vocation de l\u2019Edit de Nantes (1685) et\u00a0 fut dissoute en 1790.<\/p>\n<p style=\"text-align: justify;\">Contrairement \u00e0 beaucoup d\u2019autres biens nationaux, la Chapelle ne fut pas vendue.<br \/>L\u2019Administration y fit transporter, en 1792, les plantes exotiques du jardin de Marmoutier, puis la convertit en arsenal en avril 1796. Elle y \u00e9tablit plus tard un pensionnat de gar\u00e7ons.<\/p>\n<p style=\"text-align: justify;\">La Chapelle fut acquise l\u2019an XII par le sieur Bucheron avant de devenir la propri\u00e9t\u00e9 de Monsieur de Vild\u00e9.<br \/>En 1816, des Anglais s\u2019\u00e9tablirent en Touraine et furent \u00e0 l\u2019origine du renouveau de l\u2019\u00c9glise Protestante en Touraine.<br \/>La communaut\u00e9 r\u00e9form\u00e9e, disparue depuis la R\u00e9vocation de l\u2019\u00c9dit de Nantes (1685) et qui s\u2019\u00e9tait reconstitu\u00e9e en 1838, affermait avec les Anglais la propri\u00e9t\u00e9 de Monsieur de Vild\u00e9.<\/p>\n<p style=\"text-align: justify;\">Le Temple fut agrandi c\u00f4t\u00e9 sud en 1857 (sacristie et logement du sacristain donnant sur la rue de la Pr\u00e9fecture). Des r\u00e9parations importantes furent faites \u00e0 cette \u00e9poque. Cet ajout architectural disgracieux fut d\u00e9moli en juin 1969. La fa\u00e7ade et la plupart des vitraux ont \u00e9t\u00e9 restaur\u00e9s en 2000.<\/p>\n<p style=\"text-align: justify;\">C\u2019est une chapelle de dimensions r\u00e9duites (20 m x 12 m), de style j\u00e9suite, alors tr\u00e8s r\u00e9pandu en France sur le mod\u00e8le du Ges\u00f9 \u00e0 Rome. Il est l\u2019un des deux seuls \u00e9difices de ce style encore debout en Touraine, l\u2019autre \u00e9tant, dans la m\u00eame rue, mais c\u00f4t\u00e9 sud, la Chapelle des Minimes, de dimensions plus imposantes.<br \/>\u00c0 remarquer \u00e0 l\u2019int\u00e9rieur, sur le pilier N.E c\u00f4t\u00e9 nord, une inscription qui rappelle la s\u00e9pulture de Joseph Sain, fondateur du couvent des Filles de l\u2019Union Chr\u00e9tienne, et, dans le collat\u00e9ral Ouest la plaque comm\u00e9morative de Catherine Mar\u00e9chal, premi\u00e8re martyre de paroisse protestante, br\u00fbl\u00e9e vive en 1532.<\/p>\n<p style=\"text-align: justify;\"><span style=\"color: #ff6600;\"><strong>Le Temple aujourd\u2019hui.<\/strong><\/span><\/p>\n<p style=\"text-align: justify;\">Il est class\u00e9 Monument Historique depuis 1992, et peut accueillir maximum 120 personnes.<br \/>Ce b\u00e2timent est ouvert aux heures du culte chaque dimanche matin \u00e0 10 h 30, et pour d\u2019autres services religieux.\u00a0 \u00a0 \u00a0 \u00a0 \u00a0 \u00a0 \u00a0 \u00a0 \u00a0 \u00a0 \u00a0 \u00a0 \u00a0 \u00a0 \u00a0 \u00a0 \u00a0 \u00a0 \u00a0 \u00a0 \u00a0 \u00a0 \u00a0 \u00a0 \u00a0 \u00a0 \u00a0 \u00a0 \u00a0 En outre, durant les Journ\u00e9es du Patrimoine, le troisi\u00e8me week-end de septembre, la visite s\u2019effectue les samedi et dimanche apr\u00e8s-midi et une audition-pr\u00e9sentation de l&rsquo;orgue a lieu le samedi et le dimanche \u00e0 17 h 00.<\/p>\n<p style=\"text-align: justify;\"><span style=\"color: #ff6600;\"><strong>Lieu de culte, mais aussi lieu de concert.<\/strong><\/span><\/p>\n<p style=\"text-align: justify;\">Son acoustique exceptionnelle, tr\u00e8s claire, avec une courte r\u00e9verb\u00e9ration, en fait un lieu privil\u00e9gi\u00e9 pour les ensembles de musique de chambre. De plus, la situation g\u00e9ographique du temple, au centre de la ville, en fait un lieu privil\u00e9gi\u00e9 pour l\u2019organisation des concerts.<\/p>\n<p style=\"text-align: justify;\">Depuis sa cr\u00e9ation en 1996, l\u2019association \u00ab Musique au Temple \u00bb est charg\u00e9e d\u2019organiser l\u2019activit\u00e9 musicale au temple.<\/p>\n<p style=\"text-align: justify;\">Depuis, de nombreux <strong>groupes vocaux et instrumentaux<\/strong> locaux, mais aussi des formations de r\u00e9putation nationale et internationale se sont produits dans cet \u00e9difice.<br \/>l&rsquo;Ensemble vocal Plurielles, le choeur de chambre ElaNaveVa, les Salanganes, le choeur Emmanuel Chabrier, l&rsquo;Ensemble vocal Mundovox, l&rsquo;Ensemble Epsilones, l&rsquo;Ensemble vocal Les Voyageuses, l&rsquo;Ensemble I&rsquo;ll bee Bach, l&rsquo;Ensemble Consonnance, l&rsquo;Ensemble Musica Barocca, l\u2019Ensemble Musica Ficta, l&rsquo;Ensemble Diabolus in Musica, l&rsquo;Ensemble Jacques Moderne, l&rsquo;Ensemble Cl\u00e9ment Janequin, In Ore Mel , L&rsquo;Ensemble Doulce M\u00e9moire, Les Muses Galantes, l&rsquo;Ensemble Ausonia \u2026.Mais aussi en <strong>soliste<\/strong>, le pianiste Fran\u00e7ois Cornu, le claveciniste St\u00e9bastien Wonner, les organistes: Yann Moulin, Benjamin Allard, Jean-Luc Etienne&#8230;<\/p>\n<p style=\"text-align: justify;\">En outre, plusieurs <strong>enregistrements ou des enregistrements <\/strong>se d\u00e9roulent dans ce lieu.<\/p>\n<p style=\"text-align: justify;\">Depuis son inauguration, le 7 septembre 2007, la pr\u00e9sence de l\u2019orgue de R\u00e9my Malher donne un \u00e9clat particulier aux concerts et autres manifestations artistiques.<\/p>\n<p><em>Une convention de mise \u00e0 disposition du temple et \u00e9ventuellement d\u2019utilisation de l&rsquo;orgue\u00a0<\/em><em>peut-\u00eatre \u00e9labor\u00e9e entre l\u2019association\u00a0<strong>Musique au Temple<\/strong>\u00a0et chaque organisme utilisateur.<\/em><\/p>\n<p><strong class=\"Style40\"><u>Conditions d\u2019utilisation du temple et de l&rsquo;orgue<\/u><\/strong><\/p>\n<p><a href=\"https:\/\/musiqueautemple.fr\/adhesion\/\">https:\/\/musiqueautemple.fr\/adhesion\/<\/a><\/p>\n\n<div class=\"wp-block-image\">\n<figure class=\"aligncenter\"><img loading=\"lazy\" decoding=\"async\" width=\"1024\" height=\"576\" src=\"https:\/\/musiqueautemple.fr\/wp-content\/uploads\/2019\/01\/teemple-int\u00e9rieur-1-1024x576.jpg\" alt=\"\" class=\"wp-image-402\" srcset=\"https:\/\/musiqueautemple.fr\/wp-content\/uploads\/2019\/01\/teemple-int\u00e9rieur-1-1024x576.jpg 1024w, https:\/\/musiqueautemple.fr\/wp-content\/uploads\/2019\/01\/teemple-int\u00e9rieur-1-300x169.jpg 300w, https:\/\/musiqueautemple.fr\/wp-content\/uploads\/2019\/01\/teemple-int\u00e9rieur-1-768x432.jpg 768w, https:\/\/musiqueautemple.fr\/wp-content\/uploads\/2019\/01\/teemple-int\u00e9rieur-1-900x506.jpg 900w, https:\/\/musiqueautemple.fr\/wp-content\/uploads\/2019\/01\/teemple-int\u00e9rieur-1-1280x720.jpg 1280w\" sizes=\"auto, (max-width: 1024px) 100vw, 1024px\" \/><figcaption class=\"wp-element-caption\">.<\/figcaption><\/figure>\n<\/div>","protected":false},"excerpt":{"rendered":"<p>L\u2019\u00e9difice, situ\u00e9 32 rue la Pr\u00e9fecture, au c\u0153ur de la ville, appartient \u00e0 l\u2019Eglise Protestante Protestante Unie de Touraine. L\u2019histoire du b\u00e2timent est peu commune : Il a \u00e9t\u00e9 construit \u00e0 la fin du XVIIe si\u00e8cle. C\u2019\u00e9tait la chapelle d\u2019une congr\u00e9gation religieuse f\u00e9minine, les Filles de l\u2019Union Chr\u00e9tienne, fond\u00e9e en 1676 par l\u2019un des chanoines [&hellip;]<\/p>\n","protected":false},"author":2,"featured_media":0,"parent":0,"menu_order":0,"comment_status":"closed","ping_status":"closed","template":"","meta":{"footnotes":""},"class_list":["post-10","page","type-page","status-publish","hentry"],"_links":{"self":[{"href":"https:\/\/musiqueautemple.fr\/index.php?rest_route=\/wp\/v2\/pages\/10","targetHints":{"allow":["GET"]}}],"collection":[{"href":"https:\/\/musiqueautemple.fr\/index.php?rest_route=\/wp\/v2\/pages"}],"about":[{"href":"https:\/\/musiqueautemple.fr\/index.php?rest_route=\/wp\/v2\/types\/page"}],"author":[{"embeddable":true,"href":"https:\/\/musiqueautemple.fr\/index.php?rest_route=\/wp\/v2\/users\/2"}],"replies":[{"embeddable":true,"href":"https:\/\/musiqueautemple.fr\/index.php?rest_route=%2Fwp%2Fv2%2Fcomments&post=10"}],"version-history":[{"count":25,"href":"https:\/\/musiqueautemple.fr\/index.php?rest_route=\/wp\/v2\/pages\/10\/revisions"}],"predecessor-version":[{"id":6619,"href":"https:\/\/musiqueautemple.fr\/index.php?rest_route=\/wp\/v2\/pages\/10\/revisions\/6619"}],"wp:attachment":[{"href":"https:\/\/musiqueautemple.fr\/index.php?rest_route=%2Fwp%2Fv2%2Fmedia&parent=10"}],"curies":[{"name":"wp","href":"https:\/\/api.w.org\/{rel}","templated":true}]}}