{"id":12,"date":"2018-10-08T11:57:53","date_gmt":"2018-10-08T09:57:53","guid":{"rendered":"http:\/\/musiqueautemple.fr\/?page_id=12"},"modified":"2024-07-08T15:10:46","modified_gmt":"2024-07-08T13:10:46","slug":"lorgue","status":"publish","type":"page","link":"https:\/\/musiqueautemple.fr\/?page_id=12","title":{"rendered":"L&rsquo;ORGUE DU TEMPLE PROTESTANT DE TOURS"},"content":{"rendered":"\n<figure class=\"wp-block-embed is-type-video is-provider-youtube wp-block-embed-youtube wp-embed-aspect-16-9 wp-has-aspect-ratio\"><div class=\"wp-block-embed__wrapper\">\n<iframe loading=\"lazy\" title=\"J.S. BACH - Prelude and Fugue in C major, BWV 553 (Anne-Isabelle de Parcevaux, organ)\" width=\"629\" height=\"354\" src=\"https:\/\/www.youtube.com\/embed\/7ahywBVvOiA?feature=oembed\" frameborder=\"0\" allow=\"accelerometer; autoplay; clipboard-write; encrypted-media; gyroscope; picture-in-picture; web-share\" referrerpolicy=\"strict-origin-when-cross-origin\" allowfullscreen><\/iframe>\n<\/div><figcaption class=\"wp-element-caption\"><strong>Anne-Isabelle de Parcevaux sur l&rsquo;orgue du temple de Tours en 2023<\/strong><\/figcaption><\/figure>\n\n\n<h5><strong>Facteur d&rsquo;orgue : R\u00e9my MAHLER \u00e0 Pfaffenhoffen (Bas-Rhin) Assistant au ma\u00eetre d&rsquo;\u0153uvre : Thierry S\u00c9MINAUX, expert organier<\/strong><\/h5>\n<p><img loading=\"lazy\" decoding=\"async\" class=\"alignnone size-full wp-image-188\" src=\"https:\/\/musiqueautemple.fr\/wp-content\/uploads\/2018\/11\/capture-3.jpg\" alt=\"\" width=\"208\" height=\"274\" \/><img loading=\"lazy\" decoding=\"async\" class=\"alignnone size-full wp-image-189\" src=\"https:\/\/musiqueautemple.fr\/wp-content\/uploads\/2018\/11\/capture-4.jpg\" alt=\"\" width=\"402\" height=\"270\" srcset=\"https:\/\/musiqueautemple.fr\/wp-content\/uploads\/2018\/11\/capture-4.jpg 402w, https:\/\/musiqueautemple.fr\/wp-content\/uploads\/2018\/11\/capture-4-300x201.jpg 300w\" sizes=\"auto, (max-width: 402px) 100vw, 402px\" \/><\/p>\n<h4>Pr\u00e9paration des \u00e9l\u00e9ments de l&rsquo;orgue dans l&rsquo;atelier de R\u00e9my MAHLER \u00e0 Pfaffenhoffen (avril 2006)<\/h4>\n<p><img loading=\"lazy\" decoding=\"async\" class=\"alignnone size-full wp-image-276\" src=\"https:\/\/musiqueautemple.fr\/wp-content\/uploads\/2018\/12\/Capture-copie-1.png\" alt=\"\" width=\"827\" height=\"414\" srcset=\"https:\/\/musiqueautemple.fr\/wp-content\/uploads\/2018\/12\/Capture-copie-1.png 827w, https:\/\/musiqueautemple.fr\/wp-content\/uploads\/2018\/12\/Capture-copie-1-300x150.png 300w, https:\/\/musiqueautemple.fr\/wp-content\/uploads\/2018\/12\/Capture-copie-1-768x384.png 768w\" sizes=\"auto, (max-width: 827px) 100vw, 827px\" \/><\/p>\n<h4>Photos du montage au temple (avril 2007)<\/h4>\n<p><img loading=\"lazy\" decoding=\"async\" class=\"alignnone size-full wp-image-274\" src=\"https:\/\/musiqueautemple.fr\/wp-content\/uploads\/2018\/12\/Capture-copie.png\" alt=\"\" width=\"999\" height=\"507\" srcset=\"https:\/\/musiqueautemple.fr\/wp-content\/uploads\/2018\/12\/Capture-copie.png 999w, https:\/\/musiqueautemple.fr\/wp-content\/uploads\/2018\/12\/Capture-copie-300x152.png 300w, https:\/\/musiqueautemple.fr\/wp-content\/uploads\/2018\/12\/Capture-copie-768x390.png 768w, https:\/\/musiqueautemple.fr\/wp-content\/uploads\/2018\/12\/Capture-copie-900x457.png 900w\" sizes=\"auto, (max-width: 999px) 100vw, 999px\" \/><\/p>\n<p><span style=\"color: #ff6600;\"><strong>Les \u00e9tapes de la construction<\/strong><\/span> :<\/p>\n<p><strong>F\u00e9vrier 2007 :<\/strong><br \/>D\u00e9pose de l&rsquo;ancien orgue et arriv\u00e9e du buffet du nouvel orgue.<br \/><strong>Mars &#8211; Avril 2007 :<\/strong><br \/>Montage de la structure et r\u00e9glage m\u00e9canique.<br \/><strong>Mai &#8211; Juin 2007 :<\/strong><br \/>Arriv\u00e9e et montage des tuyaux et harmonisation.<br \/><strong>Juillet &#8211; Ao\u00fbt 2007 :<\/strong><br \/>Fin de l&rsquo;installation et mise au point.<\/p>\n<p>Inauguration &#8211; concert priv\u00e9 avec Olivier Vernet le <strong>7 septembre 2007<\/strong><br \/>Les \u00e9chos de la presse : La Nouvelle R\u00e9publique (23 f\u00e9vrier 2007) &#8211; Les Derni\u00e8res. Nouvelles d&rsquo;Alsace &#8211; (18 f\u00e9vrier 2007).<\/p>\n\n\n<figure class=\"wp-block-embed is-type-video is-provider-youtube wp-block-embed-youtube wp-embed-aspect-16-9 wp-has-aspect-ratio\"><div class=\"wp-block-embed__wrapper\">\n<iframe loading=\"lazy\" title=\"Bach \u2022 Pr\u00e9lude &amp; fugue en Ut mineur BWV 546 | Christe du Lamm Gottes BWV 619 | S\u00e9cheret\" width=\"629\" height=\"354\" src=\"https:\/\/www.youtube.com\/embed\/bz_NC3C9LYE?feature=oembed\" frameborder=\"0\" allow=\"accelerometer; autoplay; clipboard-write; encrypted-media; gyroscope; picture-in-picture; web-share\" referrerpolicy=\"strict-origin-when-cross-origin\" allowfullscreen><\/iframe>\n<\/div><figcaption class=\"wp-element-caption\"><strong>Emile SECHERET sur l&rsquo;orgue du temple de Tours. Juillet 2022. <\/strong><br><\/figcaption><\/figure>\n\n\n\n<figure class=\"wp-block-embed is-type-video is-provider-youtube wp-block-embed-youtube wp-embed-aspect-16-9 wp-has-aspect-ratio\"><div class=\"wp-block-embed__wrapper\">\n<iframe loading=\"lazy\" title=\"J.S. BACH - Prelude and Fugue in F major, BWV 556 (Anne-Isabelle de Parcevaux, organ)\" width=\"629\" height=\"354\" src=\"https:\/\/www.youtube.com\/embed\/KU20xdMfzwQ?feature=oembed\" frameborder=\"0\" allow=\"accelerometer; autoplay; clipboard-write; encrypted-media; gyroscope; picture-in-picture; web-share\" referrerpolicy=\"strict-origin-when-cross-origin\" allowfullscreen><\/iframe>\n<\/div><figcaption class=\"wp-element-caption\"><strong>Anne-Isabelle de Parcevaux  sur l&rsquo;orgue du temple de Tours 2023<\/strong><\/figcaption><\/figure>\n\n\n\n<h3 class=\"wp-block-heading\" id=\"mce_1\">Composition de l&rsquo;orgue :<\/h3>\n\n\n\n<p><strong>HAUPTWERK (clavier principal)<\/strong> : 14 jeux<\/p>\n\n\n\n<figure class=\"wp-block-table\"><table><tbody><tr><td>Principal&nbsp;8&prime; (*)<\/td><td>\u00c9tain<\/td><\/tr><tr><td>Viola di gamba&nbsp; 8\u2019<\/td><td>\u00c9tain<\/td><\/tr><tr><td>Gross Gedackt&nbsp; 8\u2019<\/td><td>Bois<\/td><\/tr><tr><td>Blockfl\u00f6te 8\u2019<\/td><td>Bois<\/td><\/tr><tr><td>Klein Gedackt 4\u2019<\/td><td>Bois<\/td><\/tr><tr><td>Oktav&nbsp; 4\u2019 (*)<\/td><td>\u00c9tain<\/td><\/tr><tr><td>Super Oktav&nbsp; 2\u2019 (*)<\/td><td>\u00c9tain<\/td><\/tr><tr><td>Mixtur III rangs (*)<\/td><td>Etain<\/td><\/tr><tr><td>Cymbeln III rangs<\/td><td>\u00c9tain<\/td><\/tr><tr><td>Sesquialtera II rangs<\/td><td>\u00c9tain<\/td><\/tr><tr><td>H\u00f6rnlein III rangs<\/td><td>\u00c9tain<\/td><\/tr><tr><td>Traverso&nbsp; 8\u2019<\/td><td>Bois<\/td><\/tr><tr><td> Gemshorn&nbsp; 8&prime; <br>Fl\u00f6h 2&prime; <\/td><td>\n\u00c9tain\n<\/td><\/tr><\/tbody><\/table><\/figure>\n\n\n\n<p>(*) ces quatre jeux sont plac\u00e9s sur un sommier sp\u00e9cial, d&rsquo;o\u00f9 l&rsquo;on peut les appeler ind\u00e9pendamment sur les trois plans de l&rsquo;orgue : Haupwerk, Underwerk et Pedal. Proc\u00e9d\u00e9 enti\u00e9rement m\u00e9canique connu en Allemagne du sud au XVIIIe si\u00e9cle et retrouv\u00e9 par R\u00e9my Mahler.<\/p>\n\n\n\n<p><strong>UNTERWERK&nbsp; (second clavier)<\/strong>&nbsp; : &nbsp;3 jeux r\u00e9els&nbsp;+ 4 jeux \u00ab\u00a0emprunt\u00e9s\u00a0\u00bb sur le Hauptwerk<\/p>\n\n\n\n<figure class=\"wp-block-table\"><table><tbody><tr><td>3&nbsp;Jeux r\u00e9els&nbsp;:<\/td><td>3 Jeux empunt\u00e9s&nbsp;:<\/td><\/tr><tr><\/tr><tr><td>Lieblich Gedackt&nbsp; 8\u2019<\/td><td>Bois<\/td><td>Principal&nbsp;8&prime;<\/td><\/tr><tr><td>Fl\u00fbte allemande&nbsp; 8&prime;<\/td><td>Bois<\/td><td>Oktav 4&prime; \u2019<\/td><\/tr><tr><td>Fl\u00fbte 4&rsquo;\u2019<\/td><td>Bois<\/td><td>Super Oktav 2&prime;<\/td><\/tr><tr><td>Mixture III rangs<\/td><\/tr><tr><\/tr><tr><\/tr><\/tbody><\/table><\/figure>\n\n\n\n<p>PEDAL&nbsp;: &nbsp;2 jeux r\u00e9els&nbsp;+ 7 jeux emprunt\u00e9s sur le Hauptwerk<\/p>\n\n\n\n<figure class=\"wp-block-table\"><table><tbody><tr><td>2Jeux r\u00e9els&nbsp;:<\/td><td>7 Jeux emprunt\u00e9s :<\/td><\/tr><tr><\/tr><tr><td>Soubasse 16&prime;<\/td><td>Bois<\/td><td>Principal&nbsp;8&prime;<\/td><\/tr><tr><td>Posaume (anche de 16&prime;)<\/td><td>Bois<\/td><td>Oktavbass&nbsp; 8\u2019<\/td><\/tr><tr><td>Violonbass&nbsp; 8\u2019<\/td><\/tr><tr><td>Gedacktbass 8\u2019<\/td><\/tr><tr><td>Fl\u00f6tenbass 8&prime;<\/td><\/tr><tr><td>Choralbass 4&prime;<\/td><\/tr><tr><td>Mixtur III rangs<\/td><\/tr><\/tbody><\/table><\/figure>\n","protected":false},"excerpt":{"rendered":"<p>Facteur d&rsquo;orgue : R\u00e9my MAHLER \u00e0 Pfaffenhoffen (Bas-Rhin) Assistant au ma\u00eetre d&rsquo;\u0153uvre : Thierry S\u00c9MINAUX, expert organier Pr\u00e9paration des \u00e9l\u00e9ments de l&rsquo;orgue dans l&rsquo;atelier de R\u00e9my MAHLER \u00e0 Pfaffenhoffen (avril 2006) Photos du montage au temple (avril 2007) Les \u00e9tapes de la construction : F\u00e9vrier 2007 :D\u00e9pose de l&rsquo;ancien orgue et arriv\u00e9e du buffet du [&hellip;]<\/p>\n","protected":false},"author":2,"featured_media":0,"parent":0,"menu_order":0,"comment_status":"closed","ping_status":"closed","template":"","meta":{"footnotes":""},"class_list":["post-12","page","type-page","status-publish","hentry"],"_links":{"self":[{"href":"https:\/\/musiqueautemple.fr\/index.php?rest_route=\/wp\/v2\/pages\/12","targetHints":{"allow":["GET"]}}],"collection":[{"href":"https:\/\/musiqueautemple.fr\/index.php?rest_route=\/wp\/v2\/pages"}],"about":[{"href":"https:\/\/musiqueautemple.fr\/index.php?rest_route=\/wp\/v2\/types\/page"}],"author":[{"embeddable":true,"href":"https:\/\/musiqueautemple.fr\/index.php?rest_route=\/wp\/v2\/users\/2"}],"replies":[{"embeddable":true,"href":"https:\/\/musiqueautemple.fr\/index.php?rest_route=%2Fwp%2Fv2%2Fcomments&post=12"}],"version-history":[{"count":23,"href":"https:\/\/musiqueautemple.fr\/index.php?rest_route=\/wp\/v2\/pages\/12\/revisions"}],"predecessor-version":[{"id":5742,"href":"https:\/\/musiqueautemple.fr\/index.php?rest_route=\/wp\/v2\/pages\/12\/revisions\/5742"}],"wp:attachment":[{"href":"https:\/\/musiqueautemple.fr\/index.php?rest_route=%2Fwp%2Fv2%2Fmedia&parent=12"}],"curies":[{"name":"wp","href":"https:\/\/api.w.org\/{rel}","templated":true}]}}