{"id":14,"date":"2018-10-08T11:58:06","date_gmt":"2018-10-08T09:58:06","guid":{"rendered":"http:\/\/musiqueautemple.fr\/?page_id=14"},"modified":"2026-03-09T14:16:17","modified_gmt":"2026-03-09T13:16:17","slug":"archives","status":"publish","type":"page","link":"https:\/\/musiqueautemple.fr\/?page_id=14","title":{"rendered":"NOS PROGRAMMES"},"content":{"rendered":"<p><img loading=\"lazy\" decoding=\"async\" class=\" wp-image-220 alignnone\" src=\"https:\/\/musiqueautemple.fr\/wp-content\/uploads\/2018\/12\/Archive-photo-article.jpg\" alt=\"\" width=\"451\" height=\"291\" srcset=\"https:\/\/musiqueautemple.fr\/wp-content\/uploads\/2018\/12\/Archive-photo-article.jpg 620w, https:\/\/musiqueautemple.fr\/wp-content\/uploads\/2018\/12\/Archive-photo-article-300x194.jpg 300w\" sizes=\"auto, (max-width: 451px) 100vw, 451px\" \/><br \/><span style=\"text-decoration: underline;\"><strong>Cliquez sur l&rsquo;ann\u00e9e<\/strong><\/span> :<\/p>\n<p style=\"text-align: center;\"><a href=\"https:\/\/musiqueautemple.fr\/?page_id=6804\">2026<\/a><\/p>\n<p><strong>Les concerts des ann\u00e9es pass\u00e9es :<\/strong><\/p>\n<p><a href=\"https:\/\/musiqueautemple.fr\/calendrier-concerts-2025\/\">2025<\/a><\/p>\n<p><a href=\"https:\/\/musiqueautemple.fr\/calendrier-programme-2024\/\">2024<\/a><\/p>\n<p><a href=\"https:\/\/musiqueautemple.fr\/index.php\/archives\/calendrier-programmes-2023\/\">2023<\/a><\/p>\n<p><a href=\"https:\/\/musiqueautemple.fr\/index.php\/calendrier-des-concerts-2022\/\">2022<\/a><\/p>\n<h5><a href=\"https:\/\/musiqueautemple.fr\/index.php\/calendrier-des-concerts-2021\/\">\u00a02021<\/a><\/h5>\n<h5><a href=\"https:\/\/musiqueautemple.fr\/index.php\/calendrier-des-concerts-en-2020\/\">2020<\/a><\/h5>\n<h5><a href=\"https:\/\/musiqueautemple.fr\/index.php\/calendrier-des-concerts-en-2019\/\">2019<\/a><\/h5>\n<h5><a href=\"https:\/\/musiqueautemple.fr\/index.php\/calendrier-des-concerts-en-2018\/\">2018<\/a><br \/><a href=\"https:\/\/musiqueautemple.fr\/index.php\/archive-2017\/\">2017<\/a><br \/><a href=\"https:\/\/musiqueautemple.fr\/index.php\/calendrier-des-concerts-en-2016\/\">2016<\/a><br \/><a href=\"https:\/\/musiqueautemple.fr\/index.php\/calendrier-des-concerts-en-2015\/\">2015<\/a><br \/><a href=\"https:\/\/musiqueautemple.fr\/index.php\/calendrier-des-concerts-en-2014\/\">2014<\/a><br \/><a href=\"https:\/\/musiqueautemple.fr\/index.php\/calendrier-des-concerts-en-2013\/\">2013<\/a><br \/><a href=\"https:\/\/musiqueautemple.fr\/index.php\/calendrier-des-concerts-en-2012\/\">2012<\/a><br \/><a href=\"https:\/\/musiqueautemple.fr\/index.php\/calendrier-des-concerts-en-2011\/\">2011<\/a><br \/><a href=\"https:\/\/musiqueautemple.fr\/index.php\/calendrier-des-concerts-en-2010\/\">2010<\/a><br \/><a href=\"https:\/\/musiqueautemple.fr\/index.php\/calendrier-des-concerts-en-2009\/\">2009<\/a><br \/><a href=\"https:\/\/musiqueautemple.fr\/index.php\/calendrier-des-concerts-en-2008\/\">2008<\/a><br \/><a href=\"https:\/\/musiqueautemple.fr\/index.php\/calendrier-des-concerts-en-2007\/\">2007<\/a><\/h5>\n<p><strong>Le Temple protestant : 32, rue de la Pr\u00e9fecture 37000 TOURS<\/strong><\/p>\n<p style=\"text-align: center;\"><a href=\"https:\/\/musiqueautemple.fr\/calendrier-programme-2024\/\">2024<\/a><\/p>\n<p style=\"text-align: center;\"><a href=\"https:\/\/musiqueautemple.fr\/index.php\/archives\/calendrier-programmes-2023\/\">2023<\/a><\/p>\n<p style=\"text-align: center;\"><a href=\"https:\/\/musiqueautemple.fr\/index.php\/calendrier-des-concerts-2022\/\"><span style=\"color: #249191;\">2022<\/span><\/a><\/p>\n<h5 style=\"text-align: center;\"><a href=\"https:\/\/musiqueautemple.fr\/index.php\/calendrier-des-concerts-2021\/\">\u00a02021<\/a><\/h5>\n<h5 style=\"text-align: center;\"><a href=\"https:\/\/musiqueautemple.fr\/index.php\/calendrier-des-concerts-en-2020\/\">2020<\/a><\/h5>\n<h5 style=\"text-align: center;\"><a href=\"https:\/\/musiqueautemple.fr\/index.php\/calendrier-des-concerts-en-2019\/\">2019<\/a><\/h5>\n<h5 style=\"text-align: center;\"><a href=\"https:\/\/musiqueautemple.fr\/index.php\/calendrier-des-concerts-en-2018\/\"><span style=\"color: #3366ff;\"><span style=\"color: #33cccc;\"><span style=\"color: #2dbdbd;\"><span style=\"color: #249191;\">2018<\/span><\/span><\/span><\/span><\/a><br \/><a href=\"https:\/\/musiqueautemple.fr\/index.php\/archive-2017\/\">2017<\/a><br \/><a href=\"https:\/\/musiqueautemple.fr\/index.php\/calendrier-des-concerts-en-2016\/\">2016<\/a><br \/><a href=\"https:\/\/musiqueautemple.fr\/index.php\/calendrier-des-concerts-en-2015\/\">2015<\/a><br \/><a href=\"https:\/\/musiqueautemple.fr\/index.php\/calendrier-des-concerts-en-2014\/\">2014<\/a><br \/><a href=\"https:\/\/musiqueautemple.fr\/index.php\/calendrier-des-concerts-en-2013\/\">2013<\/a><br \/><a href=\"https:\/\/musiqueautemple.fr\/index.php\/calendrier-des-concerts-en-2012\/\">2012<\/a><br \/><a href=\"https:\/\/musiqueautemple.fr\/index.php\/calendrier-des-concerts-en-2011\/\">2011<\/a><br \/><a href=\"https:\/\/musiqueautemple.fr\/index.php\/calendrier-des-concerts-en-2010\/\">2010<\/a><br \/><a href=\"https:\/\/musiqueautemple.fr\/index.php\/calendrier-des-concerts-en-2009\/\">2009<\/a><br \/><a href=\"https:\/\/musiqueautemple.fr\/index.php\/calendrier-des-concerts-en-2008\/\">2008<\/a><br \/><a href=\"https:\/\/musiqueautemple.fr\/index.php\/calendrier-des-concerts-en-2007\/\">2007<\/a><\/h5>\n<p style=\"text-align: center;\"><strong>Le Temple protestant : 32, rue de la Pr\u00e9fecture 37000 TOURS<\/strong><\/p>\n\n\n<p><\/p>\n","protected":false},"excerpt":{"rendered":"<p>Cliquez sur l&rsquo;ann\u00e9e : 2026 Les concerts des ann\u00e9es pass\u00e9es : 2025 2024 2023 2022 \u00a02021 2020 2019 201820172016201520142013201220112010200920082007 Le Temple protestant : 32, rue de la Pr\u00e9fecture 37000 TOURS 2024 2023 2022 \u00a02021 2020 2019 201820172016201520142013201220112010200920082007 Le Temple protestant : 32, rue de la Pr\u00e9fecture 37000 TOURS<\/p>\n","protected":false},"author":2,"featured_media":0,"parent":0,"menu_order":0,"comment_status":"closed","ping_status":"closed","template":"","meta":{"footnotes":""},"class_list":["post-14","page","type-page","status-publish","hentry"],"_links":{"self":[{"href":"https:\/\/musiqueautemple.fr\/index.php?rest_route=\/wp\/v2\/pages\/14","targetHints":{"allow":["GET"]}}],"collection":[{"href":"https:\/\/musiqueautemple.fr\/index.php?rest_route=\/wp\/v2\/pages"}],"about":[{"href":"https:\/\/musiqueautemple.fr\/index.php?rest_route=\/wp\/v2\/types\/page"}],"author":[{"embeddable":true,"href":"https:\/\/musiqueautemple.fr\/index.php?rest_route=\/wp\/v2\/users\/2"}],"replies":[{"embeddable":true,"href":"https:\/\/musiqueautemple.fr\/index.php?rest_route=%2Fwp%2Fv2%2Fcomments&post=14"}],"version-history":[{"count":23,"href":"https:\/\/musiqueautemple.fr\/index.php?rest_route=\/wp\/v2\/pages\/14\/revisions"}],"predecessor-version":[{"id":7014,"href":"https:\/\/musiqueautemple.fr\/index.php?rest_route=\/wp\/v2\/pages\/14\/revisions\/7014"}],"wp:attachment":[{"href":"https:\/\/musiqueautemple.fr\/index.php?rest_route=%2Fwp%2Fv2%2Fmedia&parent=14"}],"curies":[{"name":"wp","href":"https:\/\/api.w.org\/{rel}","templated":true}]}}