{"id":57,"date":"2018-10-09T18:39:07","date_gmt":"2018-10-09T16:39:07","guid":{"rendered":"http:\/\/musiqueautemple.fr\/?page_id=57"},"modified":"2026-04-20T22:28:24","modified_gmt":"2026-04-20T20:28:24","slug":"adhesion","status":"publish","type":"page","link":"https:\/\/musiqueautemple.fr\/?page_id=57","title":{"rendered":"Condition d&rsquo;utilisation"},"content":{"rendered":"\n<p class=\"Style94\">Le temple de l\u2019\u00c9glise Protestante Unie de France de Touraine peut accueillir une centaine de personnes.<br> Ce b\u00e2timent, lieu de culte, est aussi un lieu de concert.<\/p>\n\n\n\n<p class=\"Style94\">Son acoustique exceptionnelle, tr\u00e8s claire avec une r\u00e9verb\u00e9ration courte, en fait un lieu privil\u00e9gi\u00e9 pour les ensembles de chambre, les instruments en solo, mais aussi pour les voix.<br>\nDe plus, la situation g\u00e9ographique du temple, au centre de Tours, en fait un lieu privil\u00e9gi\u00e9 pour l\u2019organisation des manifestations.<br>\nDepuis son inauguration en automne 2007, la pr\u00e9sence de l\u2019orgue donne un \u00e9clat particulier aux manifestations artistiques.<\/p>\n\n\n\n<p class=\"Style94\">L\u2019Association&nbsp;<em><strong>Musique au Temple<\/strong><\/em>&nbsp;est charg\u00e9e de l\u2019animation musicale dans le temple.<\/p>\n\n\n\n<p class=\"Style94\">Si vous d\u00e9sirez organiser un concert au temple, <strong><em>Musique Au Temple<\/em><\/strong> passera une <u>convention d&rsquo;utilisation<\/u>&nbsp;du temple et \u00e9ventuellement de l\u2019orgue avec l&rsquo;association organisatrice.<\/p>\n\n\n\n<p>La\u00a0 contre-partie financi\u00e8re de l&rsquo;utilisation du temple pour un concert est de 120 \u20ac.<br> Une r\u00e9p\u00e9tition\/un enregistrement par tranche commenc\u00e9e de quatre heures est factur\u00e9 40 \u20ac et l\u2019utilisation de l\u2019orgue : 60 \u20ac par journ\u00e9e.<br> L\u2019association organisatrice doit souscrire une\u00a0<u>assurance civile<\/u>\u00a0pour le concert.<br> Pour voir l&rsquo;int\u00e9rieur du temple, prendre RV au pr\u00e9alable.<\/p>\n\n\n\n<p><span class=\"Style119\"><u><span style=\"color: #0000cc;\">Contact&nbsp;:<\/span><\/u><br>\nMerci de remplir le formulaire \u00ab\u00a0nous contacter\u00a0\u00bb ou par mail \u00ab\u00a0musiqueautemple.tours@gmail.com\u00a0\u00bb<\/span><\/p>\n\n\n\n<p><\/p>\n","protected":false},"excerpt":{"rendered":"<p>Le temple de l\u2019\u00c9glise Protestante Unie de France de Touraine peut accueillir une centaine de personnes. Ce b\u00e2timent, lieu de culte, est aussi un lieu de concert. Son acoustique exceptionnelle, tr\u00e8s claire avec une r\u00e9verb\u00e9ration courte, en fait un lieu privil\u00e9gi\u00e9 pour les ensembles de chambre, les instruments en solo, mais aussi pour les voix. [&hellip;]<\/p>\n","protected":false},"author":2,"featured_media":0,"parent":0,"menu_order":0,"comment_status":"closed","ping_status":"closed","template":"","meta":{"footnotes":""},"class_list":["post-57","page","type-page","status-publish","hentry"],"_links":{"self":[{"href":"https:\/\/musiqueautemple.fr\/index.php?rest_route=\/wp\/v2\/pages\/57","targetHints":{"allow":["GET"]}}],"collection":[{"href":"https:\/\/musiqueautemple.fr\/index.php?rest_route=\/wp\/v2\/pages"}],"about":[{"href":"https:\/\/musiqueautemple.fr\/index.php?rest_route=\/wp\/v2\/types\/page"}],"author":[{"embeddable":true,"href":"https:\/\/musiqueautemple.fr\/index.php?rest_route=\/wp\/v2\/users\/2"}],"replies":[{"embeddable":true,"href":"https:\/\/musiqueautemple.fr\/index.php?rest_route=%2Fwp%2Fv2%2Fcomments&post=57"}],"version-history":[{"count":21,"href":"https:\/\/musiqueautemple.fr\/index.php?rest_route=\/wp\/v2\/pages\/57\/revisions"}],"predecessor-version":[{"id":7066,"href":"https:\/\/musiqueautemple.fr\/index.php?rest_route=\/wp\/v2\/pages\/57\/revisions\/7066"}],"wp:attachment":[{"href":"https:\/\/musiqueautemple.fr\/index.php?rest_route=%2Fwp%2Fv2%2Fmedia&parent=57"}],"curies":[{"name":"wp","href":"https:\/\/api.w.org\/{rel}","templated":true}]}}