{"id":8,"date":"2018-10-08T11:57:24","date_gmt":"2018-10-08T09:57:24","guid":{"rendered":"http:\/\/musiqueautemple.fr\/?page_id=8"},"modified":"2025-03-15T23:14:20","modified_gmt":"2025-03-15T22:14:20","slug":"lassociation","status":"publish","type":"page","link":"https:\/\/musiqueautemple.fr\/?page_id=8","title":{"rendered":"L&rsquo;Association"},"content":{"rendered":"<h2 style=\"text-align: justify;\"><strong>L&rsquo;ASSOCIATION<\/strong><\/h2>\n<p style=\"text-align: justify;\">L&rsquo;association culturelle loi 1901 \u00ab\u00a0Musique au Temple\u00a0\u00bb a \u00e9t\u00e9 cr\u00e9\u00e9e en 1996. Dans un premier temps, pour mener \u00e0 bien la construction d&rsquo;un orgue dans le temple de l&rsquo;\u00c9glise Protestante Unie de Touraine, orgue qui a \u00e9t\u00e9 inaugur\u00e9 en septembre 2007. Depuis, Musique au Temple est charg\u00e9e\u00a0 d&rsquo;assurer l&rsquo;animation musicale dans ce lieu.<\/p>\n<p style=\"text-align: left;\"><span style=\"text-decoration: underline;\"><span style=\"color: #ff6600; font-size: 14pt;\"><strong>Construire un nouvel orgue au temple pour quoi faire ?<\/strong><\/span><\/span><\/p>\n<p style=\"text-align: left;\">Notre objectif \u00e9tait de r\u00e9aliser :<\/p>\n<ul style=\"text-align: left;\">\n<li>un orgue pour la liturgie r\u00e9form\u00e9e<\/li>\n<li>un orgue \u00e0 la personnalit\u00e9 <span style=\"color: #000000;\">affirm\u00e9e\u00a0<\/span><\/li>\n<li>un orgue pour un projet culturel ambitieux<\/li>\n<li>un orgue pour un projet p\u00e9dagogique<\/li>\n<\/ul>\n<p style=\"text-align: left;\"><a href=\"https:\/\/musiqueautemple.fr\/index.php\/en-savoir-plus-sur-la-place-de-l-orgue\">En savoir plus<\/a><\/p>\n<p><span style=\"font-size: 14pt;\"><span style=\"text-decoration: underline;\"><span style=\"color: #ff6600;\"><strong>Nos missions<\/strong> <\/span><\/span>:<\/span><br \/><strong>.<\/strong> Faire vivre la \u00ab\u00a0Musique au Temple\u00a0\u00bb en organisant des concerts et en mettant \u00e0 disposition le temple et \u00e9ventuellement l&rsquo;orgue \u00e0 des ensembles musicaux (vocaux, instrumentaux).<\/p>\n<p><strong>. <\/strong>D\u00e9velopper la notori\u00e9t\u00e9 du temple et de l&rsquo;instrument en participant aux manifestations musicales de Tours et de sa r\u00e9gion<strong>.\u00a0 <\/strong><\/p>\n<p>. Facilitant l&rsquo;acc\u00e8s de l&rsquo;orgue aux organistes qui le souhaitent et en accueillant la classe d&rsquo;orgue du Conservatoire \u00e0 Rayonnement R\u00e9gional de Tours<strong>.<\/strong><\/p>\n<p><strong>.<\/strong>\u00a0Veiller au bon entretien de l&rsquo;orgue.<\/p>\n<p><span style=\"color: #0000ff;\"><strong>Bureau de l&rsquo;Association de Musique au Temple:<\/strong><\/span><\/p>\n<p style=\"text-align: justify;\">Pr\u00e9sident : \u00a0 <strong><em>\u00a0Alain CHAUMIER<\/em><\/strong><br \/>Vices-pr\u00e9sidents :\u00a0<strong><em>Jean-Michel MESTRE et G\u00e9rard PROUST\u00a0 \u00a0 \u00a0 \u00a0 \u00a0 \u00a0 <\/em><\/strong>Tr\u00e9sori\u00e8re: <strong><em>Fran\u00e7oise Zundel<\/em><\/strong><\/p>\n<p><strong>Si vous d\u00e9sirez soutenir les activit\u00e9s de l&rsquo;association Musique au temple:<\/strong> <span style=\"text-decoration: underline;\">adh\u00e9rer \u00e0 l&rsquo;association directement en ligne \u00e0 partir de ce site; ou bien en envoyant \u00e0 l&rsquo;association le bulletin rempli et en envoyant un ch\u00e8que en r\u00e8glement.<\/span><\/p>\n<p><a href=\"https:\/\/musiqueautemple.fr\/index.php\/liens-partenaires\/\"><strong>Liens vers les sites partenaires<\/strong><\/a><\/p>\n\n\n<p><\/p>\n","protected":false},"excerpt":{"rendered":"<p>L&rsquo;ASSOCIATION L&rsquo;association culturelle loi 1901 \u00ab\u00a0Musique au Temple\u00a0\u00bb a \u00e9t\u00e9 cr\u00e9\u00e9e en 1996. Dans un premier temps, pour mener \u00e0 bien la construction d&rsquo;un orgue dans le temple de l&rsquo;\u00c9glise Protestante Unie de Touraine, orgue qui a \u00e9t\u00e9 inaugur\u00e9 en septembre 2007. Depuis, Musique au Temple est charg\u00e9e\u00a0 d&rsquo;assurer l&rsquo;animation musicale dans ce lieu. Construire [&hellip;]<\/p>\n","protected":false},"author":2,"featured_media":0,"parent":0,"menu_order":0,"comment_status":"closed","ping_status":"closed","template":"","meta":{"footnotes":""},"class_list":["post-8","page","type-page","status-publish","hentry"],"_links":{"self":[{"href":"https:\/\/musiqueautemple.fr\/index.php?rest_route=\/wp\/v2\/pages\/8","targetHints":{"allow":["GET"]}}],"collection":[{"href":"https:\/\/musiqueautemple.fr\/index.php?rest_route=\/wp\/v2\/pages"}],"about":[{"href":"https:\/\/musiqueautemple.fr\/index.php?rest_route=\/wp\/v2\/types\/page"}],"author":[{"embeddable":true,"href":"https:\/\/musiqueautemple.fr\/index.php?rest_route=\/wp\/v2\/users\/2"}],"replies":[{"embeddable":true,"href":"https:\/\/musiqueautemple.fr\/index.php?rest_route=%2Fwp%2Fv2%2Fcomments&post=8"}],"version-history":[{"count":26,"href":"https:\/\/musiqueautemple.fr\/index.php?rest_route=\/wp\/v2\/pages\/8\/revisions"}],"predecessor-version":[{"id":6309,"href":"https:\/\/musiqueautemple.fr\/index.php?rest_route=\/wp\/v2\/pages\/8\/revisions\/6309"}],"wp:attachment":[{"href":"https:\/\/musiqueautemple.fr\/index.php?rest_route=%2Fwp%2Fv2%2Fmedia&parent=8"}],"curies":[{"name":"wp","href":"https:\/\/api.w.org\/{rel}","templated":true}]}}